{"id":46,"date":"2020-10-04T17:37:01","date_gmt":"2020-10-04T17:37:01","guid":{"rendered":"https:\/\/www.lapco.pl\/?page_id=46"},"modified":"2022-10-06T07:32:44","modified_gmt":"2022-10-06T07:32:44","slug":"nagrania-z-akademii","status":"publish","type":"page","link":"https:\/\/www.lapco.pl\/index.php\/nagrania-z-akademii\/","title":{"rendered":"Nagrania"},"content":{"rendered":"","protected":true},"excerpt":{"rendered":"","protected":true},"author":1,"featured_media":0,"parent":0,"menu_order":0,"comment_status":"closed","ping_status":"closed","template":"","meta":{"footnotes":""},"class_list":["post-46","page","type-page","status-publish","post-password-required","hentry"],"yoast_head":"<!-- This site is optimized with the Yoast SEO plugin v26.8 - https:\/\/yoast.com\/product\/yoast-seo-wordpress\/ -->\n<title>Akademia LapCo Poland Online - nagrania z Akademii<\/title>\n<meta name=\"description\" content=\"Presti\u017cowy certyfikat LapCo i unikatowe szkolenia to najwy\u017csze \u015bwiatowe standardy w minimalnie inwazyjnych operacjach jelita grubego.\" \/>\n<meta name=\"robots\" content=\"index, follow, max-snippet:-1, max-image-preview:large, max-video-preview:-1\" \/>\n<link rel=\"canonical\" href=\"https:\/\/www.lapco.pl\/index.php\/nagrania-z-akademii\/\" \/>\n<meta property=\"og:locale\" content=\"pl_PL\" \/>\n<meta property=\"og:type\" content=\"article\" \/>\n<meta property=\"og:title\" content=\"Akademia LapCo Poland Online - nagrania z Akademii\" \/>\n<meta property=\"og:description\" content=\"Presti\u017cowy certyfikat LapCo i unikatowe szkolenia to najwy\u017csze \u015bwiatowe standardy w minimalnie inwazyjnych operacjach jelita grubego.\" \/>\n<meta property=\"og:url\" content=\"https:\/\/www.lapco.pl\/index.php\/nagrania-z-akademii\/\" \/>\n<meta property=\"og:site_name\" content=\"Lapco\" \/>\n<meta property=\"article:modified_time\" content=\"2022-10-06T07:32:44+00:00\" \/>\n<meta name=\"twitter:card\" content=\"summary_large_image\" \/>\n<script type=\"application\/ld+json\" class=\"yoast-schema-graph\">{\"@context\":\"https:\/\/schema.org\",\"@graph\":[{\"@type\":\"WebPage\",\"@id\":\"https:\/\/www.lapco.pl\/index.php\/nagrania-z-akademii\/\",\"url\":\"https:\/\/www.lapco.pl\/index.php\/nagrania-z-akademii\/\",\"name\":\"Akademia LapCo Poland Online - nagrania z Akademii\",\"isPartOf\":{\"@id\":\"https:\/\/www.lapco.pl\/#website\"},\"datePublished\":\"2020-10-04T17:37:01+00:00\",\"dateModified\":\"2022-10-06T07:32:44+00:00\",\"breadcrumb\":{\"@id\":\"https:\/\/www.lapco.pl\/index.php\/nagrania-z-akademii\/#breadcrumb\"},\"inLanguage\":\"pl-PL\"},{\"@type\":\"WebSite\",\"@id\":\"https:\/\/www.lapco.pl\/#website\",\"url\":\"https:\/\/www.lapco.pl\/\",\"name\":\"Lapco\",\"description\":\"Akademia Lapco Poland ONLINE\",\"publisher\":{\"@id\":\"https:\/\/www.lapco.pl\/#organization\"},\"potentialAction\":[{\"@type\":\"SearchAction\",\"target\":{\"@type\":\"EntryPoint\",\"urlTemplate\":\"https:\/\/www.lapco.pl\/?s={search_term_string}\"},\"query-input\":{\"@type\":\"PropertyValueSpecification\",\"valueRequired\":true,\"valueName\":\"search_term_string\"}}],\"inLanguage\":\"pl-PL\"},{\"@type\":\"Organization\",\"@id\":\"https:\/\/www.lapco.pl\/#organization\",\"name\":\"Akademia LapCo Poland Online\",\"url\":\"https:\/\/www.lapco.pl\/\",\"logo\":{\"@type\":\"ImageObject\",\"inLanguage\":\"pl-PL\",\"@id\":\"https:\/\/www.lapco.pl\/#\/schema\/logo\/image\/\",\"url\":\"https:\/\/www.lapco.pl\/wp-content\/uploads\/2020\/09\/lapco-laparoskopia-02.png\",\"contentUrl\":\"https:\/\/www.lapco.pl\/wp-content\/uploads\/2020\/09\/lapco-laparoskopia-02.png\",\"width\":601,\"height\":601,\"caption\":\"Akademia LapCo Poland Online\"},\"image\":{\"@id\":\"https:\/\/www.lapco.pl\/#\/schema\/logo\/image\/\"}}]}<\/script>\n<!-- \/ Yoast SEO plugin. -->","yoast_head_json":{"title":"Akademia LapCo Poland Online - nagrania z Akademii","description":"Presti\u017cowy certyfikat LapCo i unikatowe szkolenia to najwy\u017csze \u015bwiatowe standardy w minimalnie inwazyjnych operacjach jelita grubego.","robots":{"index":"index","follow":"follow","max-snippet":"max-snippet:-1","max-image-preview":"max-image-preview:large","max-video-preview":"max-video-preview:-1"},"canonical":"https:\/\/www.lapco.pl\/index.php\/nagrania-z-akademii\/","og_locale":"pl_PL","og_type":"article","og_title":"Akademia LapCo Poland Online - nagrania z Akademii","og_description":"Presti\u017cowy certyfikat LapCo i unikatowe szkolenia to najwy\u017csze \u015bwiatowe standardy w minimalnie inwazyjnych operacjach jelita grubego.","og_url":"https:\/\/www.lapco.pl\/index.php\/nagrania-z-akademii\/","og_site_name":"Lapco","article_modified_time":"2022-10-06T07:32:44+00:00","twitter_card":"summary_large_image","schema":{"@context":"https:\/\/schema.org","@graph":[{"@type":"WebPage","@id":"https:\/\/www.lapco.pl\/index.php\/nagrania-z-akademii\/","url":"https:\/\/www.lapco.pl\/index.php\/nagrania-z-akademii\/","name":"Akademia LapCo Poland Online - nagrania z Akademii","isPartOf":{"@id":"https:\/\/www.lapco.pl\/#website"},"datePublished":"2020-10-04T17:37:01+00:00","dateModified":"2022-10-06T07:32:44+00:00","breadcrumb":{"@id":"https:\/\/www.lapco.pl\/index.php\/nagrania-z-akademii\/#breadcrumb"},"inLanguage":"pl-PL"},{"@type":"WebSite","@id":"https:\/\/www.lapco.pl\/#website","url":"https:\/\/www.lapco.pl\/","name":"Lapco","description":"Akademia Lapco Poland ONLINE","publisher":{"@id":"https:\/\/www.lapco.pl\/#organization"},"potentialAction":[{"@type":"SearchAction","target":{"@type":"EntryPoint","urlTemplate":"https:\/\/www.lapco.pl\/?s={search_term_string}"},"query-input":{"@type":"PropertyValueSpecification","valueRequired":true,"valueName":"search_term_string"}}],"inLanguage":"pl-PL"},{"@type":"Organization","@id":"https:\/\/www.lapco.pl\/#organization","name":"Akademia LapCo Poland Online","url":"https:\/\/www.lapco.pl\/","logo":{"@type":"ImageObject","inLanguage":"pl-PL","@id":"https:\/\/www.lapco.pl\/#\/schema\/logo\/image\/","url":"https:\/\/www.lapco.pl\/wp-content\/uploads\/2020\/09\/lapco-laparoskopia-02.png","contentUrl":"https:\/\/www.lapco.pl\/wp-content\/uploads\/2020\/09\/lapco-laparoskopia-02.png","width":601,"height":601,"caption":"Akademia LapCo Poland Online"},"image":{"@id":"https:\/\/www.lapco.pl\/#\/schema\/logo\/image\/"}}]}},"_links":{"self":[{"href":"https:\/\/www.lapco.pl\/index.php\/wp-json\/wp\/v2\/pages\/46","targetHints":{"allow":["GET"]}}],"collection":[{"href":"https:\/\/www.lapco.pl\/index.php\/wp-json\/wp\/v2\/pages"}],"about":[{"href":"https:\/\/www.lapco.pl\/index.php\/wp-json\/wp\/v2\/types\/page"}],"author":[{"embeddable":true,"href":"https:\/\/www.lapco.pl\/index.php\/wp-json\/wp\/v2\/users\/1"}],"replies":[{"embeddable":true,"href":"https:\/\/www.lapco.pl\/index.php\/wp-json\/wp\/v2\/comments?post=46"}],"version-history":[{"count":3,"href":"https:\/\/www.lapco.pl\/index.php\/wp-json\/wp\/v2\/pages\/46\/revisions"}],"predecessor-version":[{"id":53,"href":"https:\/\/www.lapco.pl\/index.php\/wp-json\/wp\/v2\/pages\/46\/revisions\/53"}],"wp:attachment":[{"href":"https:\/\/www.lapco.pl\/index.php\/wp-json\/wp\/v2\/media?parent=46"}],"curies":[{"name":"wp","href":"https:\/\/api.w.org\/{rel}","templated":true}]}}